{"id":2,"date":"2018-09-24T09:59:21","date_gmt":"2018-09-24T09:59:21","guid":{"rendered":"http:\/\/falschgetankt-hilfe24h.de\/?page_id=2"},"modified":"2024-06-19T10:44:11","modified_gmt":"2024-06-19T10:44:11","slug":"impressum","status":"publish","type":"page","link":"https:\/\/falschgetankt-hilfe24h.de\/en\/impressum\/","title":{"rendered":"Imprint"},"content":{"rendered":"<div class=\"wpb-content-wrapper\"><div class=\"vc_row wpb_row vc_row-fluid\"><div class=\"wpb_column vc_column_container vc_col-sm-12\"><div class=\"vc_column-inner\"><div class=\"wpb_wrapper\">\n\t<div class=\"wpb_text_column wpb_content_element\" >\n\t\t<div class=\"wpb_wrapper\">\n\t\t\t<h1><span style=\"color: #333333;\">Imprint<\/span><\/h1>\n<h3><\/h3>\n<p>&nbsp;<\/p>\n<p><strong>AAS-Kraftstoffabpumpservice<br \/>\n<\/strong>Alexander Lauk<br \/>\nDonaugasse 6<br \/>\n94315 Straubing<\/p>\n<p>Tel.: +49 (0)\u00a0176 8667 9393<br \/>\nEmail: ecasslauk@gmail.com<\/p>\n<p>GF: Alexander Lauk<\/p>\n<p>Steuernummer: 162\/243\/71199<\/p>\n<p>Konzept &amp; Design: <a href=\"https:\/\/it-firmensupport.de\" target=\"_blank\" rel=\"noopener\">ITFS<\/a><\/p>\n<p><strong>Alternative Streitbeilegung gem\u00e4\u00df Art. 14 Abs. 1 ODR-VO und \u00a7 36 VSBG:<\/strong><\/p>\n<p>Die Europ\u00e4ische Kommission stellt eine Plattform zur Online-Streitbeilegung (OS) bereit,<br \/>\ndie Sie unter\u00a0<u><a href=\"https:\/\/ec.europa.eu\/consumers\/odr\">https:\/\/ec.europa.eu\/consumers\/odr<\/a><\/u>\u00a0finden.<br \/>\nZur Teilnahme an einem Streitbeilegungsverfahren vor einer Verbraucherschlichtungsstelle sind wir nicht verpflichtet und nicht bereit.<\/p>\n<p><strong>Bildernachweise<\/strong><\/p>\n<p>Wir nutzen haupts\u00e4chlich Bilder der Plattform Shuttorstock.com und vereinzelt Bilder der Plattform Pixabay.com \u2013 Alle Lizenzen liegen vor und k\u00f6nnen nachgereicht werden.<\/p>\n<p><strong>Haftung<\/strong><\/p>\n<p>Als Diensteanbieter sind wir gem\u00e4\u00df \u00a7 7 Abs.1 TMG f\u00fcr eigene Inhalte auf diesen Seiten nach den allgemeinen Gesetzen verantwortlich. Nach \u00a7\u00a7 8 bis 10 TMG sind wir als Diensteanbieter jedoch nicht verpflichtet, \u00fcbermittelte oder gespeicherte fremde Informationen zu \u00fcberwachen oder nach Umst\u00e4nden zu forschen, die auf eine rechtswidrige T\u00e4tigkeit hinweisen. Verpflichtungen zur Entfernung oder Sperrung der Nutzung von Informationen nach den allgemeinen Gesetzen bleiben hiervon unber\u00fchrt. Eine diesbez\u00fcgliche Haftung ist jedoch erst ab dem Zeitpunkt der Kenntnis einer konkreten Rechtsverletzung m\u00f6glich. Bei Bekanntwerden von entsprechenden Rechtsverletzungen werden wir diese Inhalte umgehend entfernen.<\/p>\n<p><strong>Haftung f\u00fcr Links<\/strong><\/p>\n<p>Unser Angebot enth\u00e4lt Links zu externen Webseiten Dritter, auf deren Inhalte wir keinen Einfluss haben. Deshalb k\u00f6nnen wir f\u00fcr diese fremden Inhalte auch keine Gew\u00e4hr \u00fcbernehmen. F\u00fcr die Inhalte der verlinkten Seiten ist stets der jeweilige Anbieter oder Betreiber der Seiten verantwortlich. Die verlinkten Seiten wurden zum Zeitpunkt der Verlinkung auf m\u00f6gliche Rechtsverst\u00f6\u00dfe \u00fcberpr\u00fcft. Rechtswidrige Inhalte waren zum Zeitpunkt der Verlinkung nicht erkennbar. Eine permanente inhaltliche Kontrolle der verlinkten Seiten ist jedoch ohne konkrete Anhaltspunkte einer Rechtsverletzung nicht zumutbar. Bei Bekanntwerden von Rechtsverletzungen werden wir derartige Links umgehend entfernen.<\/p>\n<p><strong>Urheberrecht<\/strong><\/p>\n<p>Die durch die Seitenbetreiber erstellten Inhalte und Werke auf diesen Seiten unterliegen dem deutschen Urheberrecht. Die Vervielf\u00e4ltigung, Bearbeitung, Verbreitung und jede Art der Verwertung au\u00dferhalb der Grenzen des Urheberrechtes bed\u00fcrfen der schriftlichen Zustimmung des jeweiligen Autors bzw. Erstellers. Downloads und Kopien dieser Seite sind nur f\u00fcr den privaten, nicht kommerziellen Gebrauch gestattet. Soweit die Inhalte auf dieser Seite nicht vom Betreiber erstellt wurden, werden die Urheberrechte Dritter beachtet. Insbesondere werden Inhalte Dritter als solche gekennzeichnet. Sollten Sie trotzdem auf eine Urheberrechtsverletzung aufmerksam werden, bitten wir um einen entsprechenden Hinweis. Bei Bekanntwerden von Rechtsverletzungen werden wir derartige Inhalte umgehend entfernen.<\/p>\n<p>&nbsp;<\/p>\n<h3><span style=\"color: #808080;\"><em>Ihre kompetente Abpumphilfe &#8211; Falschgetankt-Hilfe24h.de<\/em><\/span><\/h3>\n<p>\u2022\u2022\u2022<\/p>\n\n\t\t<\/div>\n\t<\/div>\n<\/div><\/div><\/div><\/div>\n<\/div>","protected":false},"excerpt":{"rendered":"Impressum &nbsp; AAS-Kraftstoffabpumpservice Alexander Lauk Donaugasse 6 94315 Straubing Tel.: +49 (0)\u00a0176 8667 9393 Email: ecasslauk@gmail.com GF: Alexander Lauk Steuernummer: 162\/243\/71199 Konzept &amp; Design: ITFS Alternative<span class=\"excerpt-hellip\"> [\u2026]<\/span>","protected":false},"author":1,"featured_media":0,"parent":0,"menu_order":0,"comment_status":"closed","ping_status":"closed","template":"","meta":{"footnotes":""},"class_list":["post-2","page","type-page","status-publish","hentry"],"yoast_head":"<!-- This site is optimized with the Yoast SEO plugin v27.5 - https:\/\/yoast.com\/product\/yoast-seo-wordpress\/ -->\n<title>Falschgetankt-Hilfe24h.de | Ihre mobile und flexible Abpumphilfe<\/title>\n<meta name=\"description\" content=\"Sollten Sie falschen Sprit betankt haben, helfen wir Ihnen - Ihre kompetente Abpumphilfe! Rufen Sie uns jederzeit, Ihre Abpumphilfe ist sofort zur Stelle.\" \/>\n<meta name=\"robots\" content=\"index, follow, max-snippet:-1, max-image-preview:large, max-video-preview:-1\" \/>\n<link rel=\"canonical\" href=\"https:\/\/falschgetankt-hilfe24h.de\/en\/impressum\/\" \/>\n<meta property=\"og:locale\" content=\"en_US\" \/>\n<meta property=\"og:type\" content=\"article\" \/>\n<meta property=\"og:title\" content=\"Falschgetankt-Hilfe24h.de | Ihre mobile und flexible Abpumphilfe\" \/>\n<meta property=\"og:description\" content=\"Sollten Sie falschen Sprit betankt haben, helfen wir Ihnen - Ihre kompetente Abpumphilfe! Rufen Sie uns jederzeit, Ihre Abpumphilfe ist sofort zur Stelle.\" \/>\n<meta property=\"og:url\" content=\"https:\/\/falschgetankt-hilfe24h.de\/en\/impressum\/\" \/>\n<meta property=\"og:site_name\" content=\"Falschgetankt-Hilfe24h\" \/>\n<meta property=\"article:modified_time\" content=\"2024-06-19T10:44:11+00:00\" \/>\n<meta name=\"twitter:card\" content=\"summary_large_image\" \/>\n<meta name=\"twitter:label1\" content=\"Est. reading time\" \/>\n\t<meta name=\"twitter:data1\" content=\"2 minutes\" \/>\n<script type=\"application\/ld+json\" class=\"yoast-schema-graph\">{\"@context\":\"https:\\\/\\\/schema.org\",\"@graph\":[{\"@type\":\"WebPage\",\"@id\":\"https:\\\/\\\/falschgetankt-hilfe24h.de\\\/impressum\\\/\",\"url\":\"https:\\\/\\\/falschgetankt-hilfe24h.de\\\/impressum\\\/\",\"name\":\"Falschgetankt-Hilfe24h.de | Ihre mobile und flexible Abpumphilfe\",\"isPartOf\":{\"@id\":\"https:\\\/\\\/falschgetankt-hilfe24h.de\\\/#website\"},\"datePublished\":\"2018-09-24T09:59:21+00:00\",\"dateModified\":\"2024-06-19T10:44:11+00:00\",\"description\":\"Sollten Sie falschen Sprit betankt haben, helfen wir Ihnen - Ihre kompetente Abpumphilfe! Rufen Sie uns jederzeit, Ihre Abpumphilfe ist sofort zur Stelle.\",\"breadcrumb\":{\"@id\":\"https:\\\/\\\/falschgetankt-hilfe24h.de\\\/impressum\\\/#breadcrumb\"},\"inLanguage\":\"en-US\",\"potentialAction\":[{\"@type\":\"ReadAction\",\"target\":[\"https:\\\/\\\/falschgetankt-hilfe24h.de\\\/impressum\\\/\"]}]},{\"@type\":\"BreadcrumbList\",\"@id\":\"https:\\\/\\\/falschgetankt-hilfe24h.de\\\/impressum\\\/#breadcrumb\",\"itemListElement\":[{\"@type\":\"ListItem\",\"position\":1,\"name\":\"Startseite\",\"item\":\"https:\\\/\\\/falschgetankt-hilfe24h.de\\\/\"},{\"@type\":\"ListItem\",\"position\":2,\"name\":\"Impressum\"}]},{\"@type\":\"WebSite\",\"@id\":\"https:\\\/\\\/falschgetankt-hilfe24h.de\\\/#website\",\"url\":\"https:\\\/\\\/falschgetankt-hilfe24h.de\\\/\",\"name\":\"Falschgetankt-Hilfe24h\",\"description\":\"Ihr Abpumpservice\",\"publisher\":{\"@id\":\"https:\\\/\\\/falschgetankt-hilfe24h.de\\\/#organization\"},\"potentialAction\":[{\"@type\":\"SearchAction\",\"target\":{\"@type\":\"EntryPoint\",\"urlTemplate\":\"https:\\\/\\\/falschgetankt-hilfe24h.de\\\/?s={search_term_string}\"},\"query-input\":{\"@type\":\"PropertyValueSpecification\",\"valueRequired\":true,\"valueName\":\"search_term_string\"}}],\"inLanguage\":\"en-US\"},{\"@type\":\"Organization\",\"@id\":\"https:\\\/\\\/falschgetankt-hilfe24h.de\\\/#organization\",\"name\":\"falschgetankt-hilfe24h.de\",\"alternateName\":\"Falschgetankt Hilfe24\",\"url\":\"https:\\\/\\\/falschgetankt-hilfe24h.de\\\/\",\"logo\":{\"@type\":\"ImageObject\",\"inLanguage\":\"en-US\",\"@id\":\"https:\\\/\\\/falschgetankt-hilfe24h.de\\\/#\\\/schema\\\/logo\\\/image\\\/\",\"url\":\"https:\\\/\\\/falschgetankt-hilfe24h.de\\\/wp-content\\\/uploads\\\/2018\\\/10\\\/Logo-falschgetankt-hilfe-24h.png\",\"contentUrl\":\"https:\\\/\\\/falschgetankt-hilfe24h.de\\\/wp-content\\\/uploads\\\/2018\\\/10\\\/Logo-falschgetankt-hilfe-24h.png\",\"width\":360,\"height\":180,\"caption\":\"falschgetankt-hilfe24h.de\"},\"image\":{\"@id\":\"https:\\\/\\\/falschgetankt-hilfe24h.de\\\/#\\\/schema\\\/logo\\\/image\\\/\"}}]}<\/script>\n<!-- \/ Yoast SEO plugin. -->","yoast_head_json":{"title":"Falschgetankt-Hilfe24h.de | Ihre mobile und flexible Abpumphilfe","description":"Sollten Sie falschen Sprit betankt haben, helfen wir Ihnen - Ihre kompetente Abpumphilfe! Rufen Sie uns jederzeit, Ihre Abpumphilfe ist sofort zur Stelle.","robots":{"index":"index","follow":"follow","max-snippet":"max-snippet:-1","max-image-preview":"max-image-preview:large","max-video-preview":"max-video-preview:-1"},"canonical":"https:\/\/falschgetankt-hilfe24h.de\/en\/impressum\/","og_locale":"en_US","og_type":"article","og_title":"Falschgetankt-Hilfe24h.de | Ihre mobile und flexible Abpumphilfe","og_description":"Sollten Sie falschen Sprit betankt haben, helfen wir Ihnen - Ihre kompetente Abpumphilfe! Rufen Sie uns jederzeit, Ihre Abpumphilfe ist sofort zur Stelle.","og_url":"https:\/\/falschgetankt-hilfe24h.de\/en\/impressum\/","og_site_name":"Falschgetankt-Hilfe24h","article_modified_time":"2024-06-19T10:44:11+00:00","twitter_card":"summary_large_image","twitter_misc":{"Est. reading time":"2 minutes"},"schema":{"@context":"https:\/\/schema.org","@graph":[{"@type":"WebPage","@id":"https:\/\/falschgetankt-hilfe24h.de\/impressum\/","url":"https:\/\/falschgetankt-hilfe24h.de\/impressum\/","name":"Falschgetankt-Hilfe24h.de | Ihre mobile und flexible Abpumphilfe","isPartOf":{"@id":"https:\/\/falschgetankt-hilfe24h.de\/#website"},"datePublished":"2018-09-24T09:59:21+00:00","dateModified":"2024-06-19T10:44:11+00:00","description":"Sollten Sie falschen Sprit betankt haben, helfen wir Ihnen - Ihre kompetente Abpumphilfe! Rufen Sie uns jederzeit, Ihre Abpumphilfe ist sofort zur Stelle.","breadcrumb":{"@id":"https:\/\/falschgetankt-hilfe24h.de\/impressum\/#breadcrumb"},"inLanguage":"en-US","potentialAction":[{"@type":"ReadAction","target":["https:\/\/falschgetankt-hilfe24h.de\/impressum\/"]}]},{"@type":"BreadcrumbList","@id":"https:\/\/falschgetankt-hilfe24h.de\/impressum\/#breadcrumb","itemListElement":[{"@type":"ListItem","position":1,"name":"Startseite","item":"https:\/\/falschgetankt-hilfe24h.de\/"},{"@type":"ListItem","position":2,"name":"Impressum"}]},{"@type":"WebSite","@id":"https:\/\/falschgetankt-hilfe24h.de\/#website","url":"https:\/\/falschgetankt-hilfe24h.de\/","name":"Falschgetankt-Hilfe24h","description":"Ihr Abpumpservice","publisher":{"@id":"https:\/\/falschgetankt-hilfe24h.de\/#organization"},"potentialAction":[{"@type":"SearchAction","target":{"@type":"EntryPoint","urlTemplate":"https:\/\/falschgetankt-hilfe24h.de\/?s={search_term_string}"},"query-input":{"@type":"PropertyValueSpecification","valueRequired":true,"valueName":"search_term_string"}}],"inLanguage":"en-US"},{"@type":"Organization","@id":"https:\/\/falschgetankt-hilfe24h.de\/#organization","name":"falschgetankt-hilfe24h.de","alternateName":"Falschgetankt Hilfe24","url":"https:\/\/falschgetankt-hilfe24h.de\/","logo":{"@type":"ImageObject","inLanguage":"en-US","@id":"https:\/\/falschgetankt-hilfe24h.de\/#\/schema\/logo\/image\/","url":"https:\/\/falschgetankt-hilfe24h.de\/wp-content\/uploads\/2018\/10\/Logo-falschgetankt-hilfe-24h.png","contentUrl":"https:\/\/falschgetankt-hilfe24h.de\/wp-content\/uploads\/2018\/10\/Logo-falschgetankt-hilfe-24h.png","width":360,"height":180,"caption":"falschgetankt-hilfe24h.de"},"image":{"@id":"https:\/\/falschgetankt-hilfe24h.de\/#\/schema\/logo\/image\/"}}]}},"_links":{"self":[{"href":"https:\/\/falschgetankt-hilfe24h.de\/en\/wp-json\/wp\/v2\/pages\/2","targetHints":{"allow":["GET"]}}],"collection":[{"href":"https:\/\/falschgetankt-hilfe24h.de\/en\/wp-json\/wp\/v2\/pages"}],"about":[{"href":"https:\/\/falschgetankt-hilfe24h.de\/en\/wp-json\/wp\/v2\/types\/page"}],"author":[{"embeddable":true,"href":"https:\/\/falschgetankt-hilfe24h.de\/en\/wp-json\/wp\/v2\/users\/1"}],"replies":[{"embeddable":true,"href":"https:\/\/falschgetankt-hilfe24h.de\/en\/wp-json\/wp\/v2\/comments?post=2"}],"version-history":[{"count":0,"href":"https:\/\/falschgetankt-hilfe24h.de\/en\/wp-json\/wp\/v2\/pages\/2\/revisions"}],"wp:attachment":[{"href":"https:\/\/falschgetankt-hilfe24h.de\/en\/wp-json\/wp\/v2\/media?parent=2"}],"curies":[{"name":"wp","href":"https:\/\/api.w.org\/{rel}","templated":true}]}}